{"id":203,"date":"2017-03-11T21:26:53","date_gmt":"2017-03-11T21:26:53","guid":{"rendered":"http:\/\/r5s.es\/?page_id=203"},"modified":"2025-02-27T10:06:17","modified_gmt":"2025-02-27T09:06:17","slug":"contacto","status":"publish","type":"page","link":"https:\/\/r5s.es\/?page_id=203","title":{"rendered":"Contacto"},"content":{"rendered":"\r\n<p>Bienvenido a nuestra p\u00e1gina de contacto.\u00a0El Quinto Sabor\u00a0est\u00e1 abierto de martes a domingo para almuerzos y de jueves a s\u00e1bado para cenas.\u00a0Puedes reservar mesa a trav\u00e9s de nuestro motor de reservas, rellenar un formulario de contacto para que te llamemos, acceder a nuestros tel\u00e9fonos de atenci\u00f3n al cliente o al mapa de ubicaci\u00f3n.<\/p>\r\n","protected":false},"excerpt":{"rendered":"<p>Bienvenido a nuestra p\u00e1gina de contacto.\u00a0El Quinto Sabor\u00a0est\u00e1 abierto de martes a domingo para almuerzos y de jueves a s\u00e1bado para cenas.\u00a0Puedes reservar mesa a trav\u00e9s de nuestro motor de reservas, rellenar un formulario de contacto para que te llamemos, acceder a nuestros tel\u00e9fonos de atenci\u00f3n al cliente o al mapa de ubicaci\u00f3n.<\/p>\n","protected":false},"author":1,"featured_media":0,"parent":0,"menu_order":7,"comment_status":"closed","ping_status":"closed","template":"","meta":{"footnotes":""},"class_list":["post-203","page","type-page","status-publish","hentry","prodpage-style2"],"yoast_head":"<!-- This site is optimized with the Yoast SEO plugin v27.3 - https:\/\/yoast.com\/product\/yoast-seo-wordpress\/ -->\n<title>Contacto - Restaurante El Quinto Sabor<\/title>\n<meta name=\"description\" content=\"Bienvenido a nuestra p\u00e1gina de contacto.\u00a0El Quinto Sabor\u00a0est\u00e1 abierto de martes a domingo para almuerzos y de jueves a s\u00e1bado para cenas.\u00a0Puedes reservar\" \/>\n<meta name=\"robots\" content=\"noindex, follow\" \/>\n<meta property=\"og:locale\" content=\"es_ES\" \/>\n<meta property=\"og:type\" content=\"article\" \/>\n<meta property=\"og:title\" content=\"Contacto - Restaurante El Quinto Sabor\" \/>\n<meta property=\"og:description\" content=\"Bienvenido a nuestra p\u00e1gina de contacto.\u00a0El Quinto Sabor\u00a0est\u00e1 abierto de martes a domingo para almuerzos y de jueves a s\u00e1bado para cenas.\u00a0Puedes reservar\" \/>\n<meta property=\"og:url\" content=\"https:\/\/r5s.es\/?page_id=203\" \/>\n<meta property=\"og:site_name\" content=\"Restaurante El Quinto Sabor\" \/>\n<meta property=\"article:publisher\" content=\"https:\/\/www.facebook.com\/restaurantequintosabor\" \/>\n<meta property=\"article:modified_time\" content=\"2025-02-27T09:06:17+00:00\" \/>\n<meta name=\"twitter:card\" content=\"summary_large_image\" \/>\n<meta name=\"twitter:site\" content=\"@elquintosabor17\" \/>\n<script type=\"application\/ld+json\" class=\"yoast-schema-graph\">{\"@context\":\"https:\\\/\\\/schema.org\",\"@graph\":[{\"@type\":\"WebPage\",\"@id\":\"https:\\\/\\\/r5s.es\\\/?page_id=203\",\"url\":\"https:\\\/\\\/r5s.es\\\/?page_id=203\",\"name\":\"Contacto - Restaurante El Quinto Sabor\",\"isPartOf\":{\"@id\":\"https:\\\/\\\/r5s.es\\\/#website\"},\"datePublished\":\"2017-03-11T21:26:53+00:00\",\"dateModified\":\"2025-02-27T09:06:17+00:00\",\"description\":\"Bienvenido a nuestra p\u00e1gina de contacto.\u00a0El Quinto Sabor\u00a0est\u00e1 abierto de martes a domingo para almuerzos y de jueves a s\u00e1bado para cenas.\u00a0Puedes reservar\",\"breadcrumb\":{\"@id\":\"https:\\\/\\\/r5s.es\\\/?page_id=203#breadcrumb\"},\"inLanguage\":\"es\",\"potentialAction\":[{\"@type\":\"ReadAction\",\"target\":[\"https:\\\/\\\/r5s.es\\\/?page_id=203\"]}]},{\"@type\":\"BreadcrumbList\",\"@id\":\"https:\\\/\\\/r5s.es\\\/?page_id=203#breadcrumb\",\"itemListElement\":[{\"@type\":\"ListItem\",\"position\":1,\"name\":\"Portada\",\"item\":\"https:\\\/\\\/r5s.es\\\/\"},{\"@type\":\"ListItem\",\"position\":2,\"name\":\"Contacto\"}]},{\"@type\":\"WebSite\",\"@id\":\"https:\\\/\\\/r5s.es\\\/#website\",\"url\":\"https:\\\/\\\/r5s.es\\\/\",\"name\":\"Restaurante El Quinto Sabor\",\"description\":\"Restaurante de Alta Cocina\",\"publisher\":{\"@id\":\"https:\\\/\\\/r5s.es\\\/#organization\"},\"potentialAction\":[{\"@type\":\"SearchAction\",\"target\":{\"@type\":\"EntryPoint\",\"urlTemplate\":\"https:\\\/\\\/r5s.es\\\/?s={search_term_string}\"},\"query-input\":{\"@type\":\"PropertyValueSpecification\",\"valueRequired\":true,\"valueName\":\"search_term_string\"}}],\"inLanguage\":\"es\"},{\"@type\":\"Organization\",\"@id\":\"https:\\\/\\\/r5s.es\\\/#organization\",\"name\":\"Restaurante El Quinto Sabor\",\"url\":\"https:\\\/\\\/r5s.es\\\/\",\"logo\":{\"@type\":\"ImageObject\",\"inLanguage\":\"es\",\"@id\":\"https:\\\/\\\/r5s.es\\\/#\\\/schema\\\/logo\\\/image\\\/\",\"url\":\"https:\\\/\\\/r5s.es\\\/wp-content\\\/uploads\\\/2017\\\/03\\\/logofinalapaisado2.png\",\"contentUrl\":\"https:\\\/\\\/r5s.es\\\/wp-content\\\/uploads\\\/2017\\\/03\\\/logofinalapaisado2.png\",\"width\":425,\"height\":113,\"caption\":\"Restaurante El Quinto Sabor\"},\"image\":{\"@id\":\"https:\\\/\\\/r5s.es\\\/#\\\/schema\\\/logo\\\/image\\\/\"},\"sameAs\":[\"https:\\\/\\\/www.facebook.com\\\/restaurantequintosabor\",\"https:\\\/\\\/x.com\\\/elquintosabor17\",\"https:\\\/\\\/www.instagram.com\\\/restaurante_elquintosabor\\\/\"]}]}<\/script>\n<!-- \/ Yoast SEO plugin. -->","yoast_head_json":{"title":"Contacto - Restaurante El Quinto Sabor","description":"Bienvenido a nuestra p\u00e1gina de contacto.\u00a0El Quinto Sabor\u00a0est\u00e1 abierto de martes a domingo para almuerzos y de jueves a s\u00e1bado para cenas.\u00a0Puedes reservar","robots":{"index":"noindex","follow":"follow"},"og_locale":"es_ES","og_type":"article","og_title":"Contacto - Restaurante El Quinto Sabor","og_description":"Bienvenido a nuestra p\u00e1gina de contacto.\u00a0El Quinto Sabor\u00a0est\u00e1 abierto de martes a domingo para almuerzos y de jueves a s\u00e1bado para cenas.\u00a0Puedes reservar","og_url":"https:\/\/r5s.es\/?page_id=203","og_site_name":"Restaurante El Quinto Sabor","article_publisher":"https:\/\/www.facebook.com\/restaurantequintosabor","article_modified_time":"2025-02-27T09:06:17+00:00","twitter_card":"summary_large_image","twitter_site":"@elquintosabor17","schema":{"@context":"https:\/\/schema.org","@graph":[{"@type":"WebPage","@id":"https:\/\/r5s.es\/?page_id=203","url":"https:\/\/r5s.es\/?page_id=203","name":"Contacto - Restaurante El Quinto Sabor","isPartOf":{"@id":"https:\/\/r5s.es\/#website"},"datePublished":"2017-03-11T21:26:53+00:00","dateModified":"2025-02-27T09:06:17+00:00","description":"Bienvenido a nuestra p\u00e1gina de contacto.\u00a0El Quinto Sabor\u00a0est\u00e1 abierto de martes a domingo para almuerzos y de jueves a s\u00e1bado para cenas.\u00a0Puedes reservar","breadcrumb":{"@id":"https:\/\/r5s.es\/?page_id=203#breadcrumb"},"inLanguage":"es","potentialAction":[{"@type":"ReadAction","target":["https:\/\/r5s.es\/?page_id=203"]}]},{"@type":"BreadcrumbList","@id":"https:\/\/r5s.es\/?page_id=203#breadcrumb","itemListElement":[{"@type":"ListItem","position":1,"name":"Portada","item":"https:\/\/r5s.es\/"},{"@type":"ListItem","position":2,"name":"Contacto"}]},{"@type":"WebSite","@id":"https:\/\/r5s.es\/#website","url":"https:\/\/r5s.es\/","name":"Restaurante El Quinto Sabor","description":"Restaurante de Alta Cocina","publisher":{"@id":"https:\/\/r5s.es\/#organization"},"potentialAction":[{"@type":"SearchAction","target":{"@type":"EntryPoint","urlTemplate":"https:\/\/r5s.es\/?s={search_term_string}"},"query-input":{"@type":"PropertyValueSpecification","valueRequired":true,"valueName":"search_term_string"}}],"inLanguage":"es"},{"@type":"Organization","@id":"https:\/\/r5s.es\/#organization","name":"Restaurante El Quinto Sabor","url":"https:\/\/r5s.es\/","logo":{"@type":"ImageObject","inLanguage":"es","@id":"https:\/\/r5s.es\/#\/schema\/logo\/image\/","url":"https:\/\/r5s.es\/wp-content\/uploads\/2017\/03\/logofinalapaisado2.png","contentUrl":"https:\/\/r5s.es\/wp-content\/uploads\/2017\/03\/logofinalapaisado2.png","width":425,"height":113,"caption":"Restaurante El Quinto Sabor"},"image":{"@id":"https:\/\/r5s.es\/#\/schema\/logo\/image\/"},"sameAs":["https:\/\/www.facebook.com\/restaurantequintosabor","https:\/\/x.com\/elquintosabor17","https:\/\/www.instagram.com\/restaurante_elquintosabor\/"]}]}},"_links":{"self":[{"href":"https:\/\/r5s.es\/index.php?rest_route=\/wp\/v2\/pages\/203","targetHints":{"allow":["GET"]}}],"collection":[{"href":"https:\/\/r5s.es\/index.php?rest_route=\/wp\/v2\/pages"}],"about":[{"href":"https:\/\/r5s.es\/index.php?rest_route=\/wp\/v2\/types\/page"}],"author":[{"embeddable":true,"href":"https:\/\/r5s.es\/index.php?rest_route=\/wp\/v2\/users\/1"}],"replies":[{"embeddable":true,"href":"https:\/\/r5s.es\/index.php?rest_route=%2Fwp%2Fv2%2Fcomments&post=203"}],"version-history":[{"count":0,"href":"https:\/\/r5s.es\/index.php?rest_route=\/wp\/v2\/pages\/203\/revisions"}],"wp:attachment":[{"href":"https:\/\/r5s.es\/index.php?rest_route=%2Fwp%2Fv2%2Fmedia&parent=203"}],"curies":[{"name":"wp","href":"https:\/\/api.w.org\/{rel}","templated":true}]}}