{"id":3812,"date":"2023-01-25T18:45:09","date_gmt":"2023-01-25T17:45:09","guid":{"rendered":"https:\/\/r5s.es\/?page_id=3812"},"modified":"2026-02-06T13:52:58","modified_gmt":"2026-02-06T12:52:58","slug":"madrid-gastro-multicultural","status":"publish","type":"page","link":"https:\/\/r5s.es\/?page_id=3812","title":{"rendered":"Madrid Gastro Multicultural"},"content":{"rendered":"","protected":false},"excerpt":{"rendered":"","protected":false},"author":1,"featured_media":0,"parent":0,"menu_order":0,"comment_status":"closed","ping_status":"closed","template":"","meta":{"footnotes":""},"class_list":["post-3812","page","type-page","status-publish","hentry","prodpage-style2"],"yoast_head":"<!-- This site is optimized with the Yoast SEO plugin v27.5 - https:\/\/yoast.com\/product\/yoast-seo-wordpress\/ -->\n<title>Madrid Gastro Multicultural - Restaurante El Quinto Sabor<\/title>\n<meta name=\"description\" content=\"\u00a1Sum\u00e9rgete en la esencia gastron\u00f3mica de Madrid! Descubre nuestro men\u00fa degustaci\u00f3n &#039;Madrid Gastro Multicultural&#039;, donde los sabores locales se fusionan con la diversidad cosmopolita de la ciudad. Reserva tu experiencia culinaria hoy y d\u00e9jate llevar por un fest\u00edn de innovaci\u00f3n y tradici\u00f3n en cada plato. Una deliciosa celebraci\u00f3n de la autenticidad madrile\u00f1a con un toque internacional.\" \/>\n<meta name=\"robots\" content=\"index, follow, max-snippet:-1, max-image-preview:large, max-video-preview:-1\" \/>\n<link rel=\"canonical\" href=\"https:\/\/r5s.es\/?page_id=3812\" \/>\n<meta property=\"og:locale\" content=\"es_ES\" \/>\n<meta property=\"og:type\" content=\"article\" \/>\n<meta property=\"og:title\" content=\"Madrid Gastro Multicultural - Restaurante El Quinto Sabor\" \/>\n<meta property=\"og:description\" content=\"\u00a1Sum\u00e9rgete en la esencia gastron\u00f3mica de Madrid! Descubre nuestro men\u00fa degustaci\u00f3n &#039;Madrid Gastro Multicultural&#039;, donde los sabores locales se fusionan con la diversidad cosmopolita de la ciudad. Reserva tu experiencia culinaria hoy y d\u00e9jate llevar por un fest\u00edn de innovaci\u00f3n y tradici\u00f3n en cada plato. Una deliciosa celebraci\u00f3n de la autenticidad madrile\u00f1a con un toque internacional.\" \/>\n<meta property=\"og:url\" content=\"https:\/\/r5s.es\/?page_id=3812\" \/>\n<meta property=\"og:site_name\" content=\"Restaurante El Quinto Sabor\" \/>\n<meta property=\"article:publisher\" content=\"https:\/\/www.facebook.com\/restaurantequintosabor\" \/>\n<meta property=\"article:modified_time\" content=\"2026-02-06T12:52:58+00:00\" \/>\n<meta name=\"twitter:card\" content=\"summary_large_image\" \/>\n<meta name=\"twitter:site\" content=\"@elquintosabor17\" \/>\n<script type=\"application\/ld+json\" class=\"yoast-schema-graph\">{\"@context\":\"https:\\\/\\\/schema.org\",\"@graph\":[{\"@type\":\"WebPage\",\"@id\":\"https:\\\/\\\/r5s.es\\\/?page_id=3812\",\"url\":\"https:\\\/\\\/r5s.es\\\/?page_id=3812\",\"name\":\"Madrid Gastro Multicultural - Restaurante El Quinto Sabor\",\"isPartOf\":{\"@id\":\"https:\\\/\\\/r5s.es\\\/#website\"},\"datePublished\":\"2023-01-25T17:45:09+00:00\",\"dateModified\":\"2026-02-06T12:52:58+00:00\",\"description\":\"\u00a1Sum\u00e9rgete en la esencia gastron\u00f3mica de Madrid! Descubre nuestro men\u00fa degustaci\u00f3n 'Madrid Gastro Multicultural', donde los sabores locales se fusionan con la diversidad cosmopolita de la ciudad. Reserva tu experiencia culinaria hoy y d\u00e9jate llevar por un fest\u00edn de innovaci\u00f3n y tradici\u00f3n en cada plato. Una deliciosa celebraci\u00f3n de la autenticidad madrile\u00f1a con un toque internacional.\",\"breadcrumb\":{\"@id\":\"https:\\\/\\\/r5s.es\\\/?page_id=3812#breadcrumb\"},\"inLanguage\":\"es\",\"potentialAction\":[{\"@type\":\"ReadAction\",\"target\":[\"https:\\\/\\\/r5s.es\\\/?page_id=3812\"]}]},{\"@type\":\"BreadcrumbList\",\"@id\":\"https:\\\/\\\/r5s.es\\\/?page_id=3812#breadcrumb\",\"itemListElement\":[{\"@type\":\"ListItem\",\"position\":1,\"name\":\"Portada\",\"item\":\"https:\\\/\\\/r5s.es\\\/\"},{\"@type\":\"ListItem\",\"position\":2,\"name\":\"Madrid Gastro Multicultural\"}]},{\"@type\":\"WebSite\",\"@id\":\"https:\\\/\\\/r5s.es\\\/#website\",\"url\":\"https:\\\/\\\/r5s.es\\\/\",\"name\":\"Restaurante El Quinto Sabor\",\"description\":\"Restaurante de Alta Cocina\",\"publisher\":{\"@id\":\"https:\\\/\\\/r5s.es\\\/#organization\"},\"potentialAction\":[{\"@type\":\"SearchAction\",\"target\":{\"@type\":\"EntryPoint\",\"urlTemplate\":\"https:\\\/\\\/r5s.es\\\/?s={search_term_string}\"},\"query-input\":{\"@type\":\"PropertyValueSpecification\",\"valueRequired\":true,\"valueName\":\"search_term_string\"}}],\"inLanguage\":\"es\"},{\"@type\":\"Organization\",\"@id\":\"https:\\\/\\\/r5s.es\\\/#organization\",\"name\":\"Restaurante El Quinto Sabor\",\"url\":\"https:\\\/\\\/r5s.es\\\/\",\"logo\":{\"@type\":\"ImageObject\",\"inLanguage\":\"es\",\"@id\":\"https:\\\/\\\/r5s.es\\\/#\\\/schema\\\/logo\\\/image\\\/\",\"url\":\"https:\\\/\\\/r5s.es\\\/wp-content\\\/uploads\\\/2017\\\/03\\\/logofinalapaisado2.png\",\"contentUrl\":\"https:\\\/\\\/r5s.es\\\/wp-content\\\/uploads\\\/2017\\\/03\\\/logofinalapaisado2.png\",\"width\":425,\"height\":113,\"caption\":\"Restaurante El Quinto Sabor\"},\"image\":{\"@id\":\"https:\\\/\\\/r5s.es\\\/#\\\/schema\\\/logo\\\/image\\\/\"},\"sameAs\":[\"https:\\\/\\\/www.facebook.com\\\/restaurantequintosabor\",\"https:\\\/\\\/x.com\\\/elquintosabor17\",\"https:\\\/\\\/www.instagram.com\\\/restaurante_elquintosabor\\\/\"]}]}<\/script>\n<!-- \/ Yoast SEO plugin. -->","yoast_head_json":{"title":"Madrid Gastro Multicultural - Restaurante El Quinto Sabor","description":"\u00a1Sum\u00e9rgete en la esencia gastron\u00f3mica de Madrid! Descubre nuestro men\u00fa degustaci\u00f3n 'Madrid Gastro Multicultural', donde los sabores locales se fusionan con la diversidad cosmopolita de la ciudad. Reserva tu experiencia culinaria hoy y d\u00e9jate llevar por un fest\u00edn de innovaci\u00f3n y tradici\u00f3n en cada plato. Una deliciosa celebraci\u00f3n de la autenticidad madrile\u00f1a con un toque internacional.","robots":{"index":"index","follow":"follow","max-snippet":"max-snippet:-1","max-image-preview":"max-image-preview:large","max-video-preview":"max-video-preview:-1"},"canonical":"https:\/\/r5s.es\/?page_id=3812","og_locale":"es_ES","og_type":"article","og_title":"Madrid Gastro Multicultural - Restaurante El Quinto Sabor","og_description":"\u00a1Sum\u00e9rgete en la esencia gastron\u00f3mica de Madrid! Descubre nuestro men\u00fa degustaci\u00f3n 'Madrid Gastro Multicultural', donde los sabores locales se fusionan con la diversidad cosmopolita de la ciudad. Reserva tu experiencia culinaria hoy y d\u00e9jate llevar por un fest\u00edn de innovaci\u00f3n y tradici\u00f3n en cada plato. Una deliciosa celebraci\u00f3n de la autenticidad madrile\u00f1a con un toque internacional.","og_url":"https:\/\/r5s.es\/?page_id=3812","og_site_name":"Restaurante El Quinto Sabor","article_publisher":"https:\/\/www.facebook.com\/restaurantequintosabor","article_modified_time":"2026-02-06T12:52:58+00:00","twitter_card":"summary_large_image","twitter_site":"@elquintosabor17","schema":{"@context":"https:\/\/schema.org","@graph":[{"@type":"WebPage","@id":"https:\/\/r5s.es\/?page_id=3812","url":"https:\/\/r5s.es\/?page_id=3812","name":"Madrid Gastro Multicultural - Restaurante El Quinto Sabor","isPartOf":{"@id":"https:\/\/r5s.es\/#website"},"datePublished":"2023-01-25T17:45:09+00:00","dateModified":"2026-02-06T12:52:58+00:00","description":"\u00a1Sum\u00e9rgete en la esencia gastron\u00f3mica de Madrid! Descubre nuestro men\u00fa degustaci\u00f3n 'Madrid Gastro Multicultural', donde los sabores locales se fusionan con la diversidad cosmopolita de la ciudad. Reserva tu experiencia culinaria hoy y d\u00e9jate llevar por un fest\u00edn de innovaci\u00f3n y tradici\u00f3n en cada plato. Una deliciosa celebraci\u00f3n de la autenticidad madrile\u00f1a con un toque internacional.","breadcrumb":{"@id":"https:\/\/r5s.es\/?page_id=3812#breadcrumb"},"inLanguage":"es","potentialAction":[{"@type":"ReadAction","target":["https:\/\/r5s.es\/?page_id=3812"]}]},{"@type":"BreadcrumbList","@id":"https:\/\/r5s.es\/?page_id=3812#breadcrumb","itemListElement":[{"@type":"ListItem","position":1,"name":"Portada","item":"https:\/\/r5s.es\/"},{"@type":"ListItem","position":2,"name":"Madrid Gastro Multicultural"}]},{"@type":"WebSite","@id":"https:\/\/r5s.es\/#website","url":"https:\/\/r5s.es\/","name":"Restaurante El Quinto Sabor","description":"Restaurante de Alta Cocina","publisher":{"@id":"https:\/\/r5s.es\/#organization"},"potentialAction":[{"@type":"SearchAction","target":{"@type":"EntryPoint","urlTemplate":"https:\/\/r5s.es\/?s={search_term_string}"},"query-input":{"@type":"PropertyValueSpecification","valueRequired":true,"valueName":"search_term_string"}}],"inLanguage":"es"},{"@type":"Organization","@id":"https:\/\/r5s.es\/#organization","name":"Restaurante El Quinto Sabor","url":"https:\/\/r5s.es\/","logo":{"@type":"ImageObject","inLanguage":"es","@id":"https:\/\/r5s.es\/#\/schema\/logo\/image\/","url":"https:\/\/r5s.es\/wp-content\/uploads\/2017\/03\/logofinalapaisado2.png","contentUrl":"https:\/\/r5s.es\/wp-content\/uploads\/2017\/03\/logofinalapaisado2.png","width":425,"height":113,"caption":"Restaurante El Quinto Sabor"},"image":{"@id":"https:\/\/r5s.es\/#\/schema\/logo\/image\/"},"sameAs":["https:\/\/www.facebook.com\/restaurantequintosabor","https:\/\/x.com\/elquintosabor17","https:\/\/www.instagram.com\/restaurante_elquintosabor\/"]}]}},"_links":{"self":[{"href":"https:\/\/r5s.es\/index.php?rest_route=\/wp\/v2\/pages\/3812","targetHints":{"allow":["GET"]}}],"collection":[{"href":"https:\/\/r5s.es\/index.php?rest_route=\/wp\/v2\/pages"}],"about":[{"href":"https:\/\/r5s.es\/index.php?rest_route=\/wp\/v2\/types\/page"}],"author":[{"embeddable":true,"href":"https:\/\/r5s.es\/index.php?rest_route=\/wp\/v2\/users\/1"}],"replies":[{"embeddable":true,"href":"https:\/\/r5s.es\/index.php?rest_route=%2Fwp%2Fv2%2Fcomments&post=3812"}],"version-history":[{"count":0,"href":"https:\/\/r5s.es\/index.php?rest_route=\/wp\/v2\/pages\/3812\/revisions"}],"wp:attachment":[{"href":"https:\/\/r5s.es\/index.php?rest_route=%2Fwp%2Fv2%2Fmedia&parent=3812"}],"curies":[{"name":"wp","href":"https:\/\/api.w.org\/{rel}","templated":true}]}}