{"id":4649,"date":"2024-10-22T09:33:15","date_gmt":"2024-10-22T07:33:15","guid":{"rendered":"https:\/\/r5s.es\/?page_id=4649"},"modified":"2026-04-07T14:57:45","modified_gmt":"2026-04-07T12:57:45","slug":"degusta-la-noche","status":"publish","type":"page","link":"https:\/\/r5s.es\/?page_id=4649","title":{"rendered":"Degusta la Noche"},"content":{"rendered":"\n<p><br><strong>Descubre la Magia del Men\u00fa Degusta la Noche en El Quinto Sabor<\/strong><\/p>\n\n\n\n<p>Cada plato de nuestro <em><a href=\"https:\/\/r5s.es\/?page_id=4649\">Men\u00fa Degusta la Noche<\/a><\/em> es una creaci\u00f3n \u00fanica que resalta la autenticidad y frescura de los ingredientes locales. Los chefs de <strong>El Quinto Sabor<\/strong> , reconocidos por su creatividad, han dise\u00f1ado un men\u00fa que celebra los productos de temporada, desde hierbas frescas hasta pescados del d\u00eda y carnes seleccionadas cuidadosamente.<\/p>\n\n\n\n<p>La clave de este <strong>men\u00fa degustaci\u00f3n nocturna<\/strong> es su capacidad para transformarse con cada estaci\u00f3n. Nuestros chefs reinventan continuamente los platos inspirados por los <strong>ingredientes de temporada<\/strong> , garantizando una <strong>experiencia gastron\u00f3mica irrepetible<\/strong> en cada visita. En primavera, disfrutar\u00e1s de sabores ligeros y frescos, mientras que en oto\u00f1o, los platos se tornan c\u00e1lidos y reconfortantes.<\/p>\n\n\n\n<h3 class=\"wp-block-heading\">Maridaje perfecto para cada plato<\/h3>\n\n\n\n<p>El maridaje de vinos es esencial en esta experiencia. Nuestro equipo de sumilleres ha seleccionado con precisi\u00f3n una lista de vinos que armonizan a la perfecci\u00f3n con cada plato, resaltando los sabores y potenciando la experiencia.<\/p>\n\n\n\n<h3 class=\"wp-block-heading\">Comprometidos con la Sostenibilidad<\/h3>\n\n\n\n<p>En <strong>El Quinto Sabor<\/strong> , apoyamos la sostenibilidad y trabajamos directamente con productores locales para ofrecer los <strong>ingredientes m\u00e1s frescos<\/strong> . Este compromiso no solo garantiza la mejor calidad, sino que tambi\u00e9n apoya la econom\u00eda local y reduce nuestra huella de carbono.<\/p>\n\n\n\n<h3 class=\"wp-block-heading\">Vive una Experiencia Gastron\u00f3mica Inolvidable<\/h3>\n\n\n\n<p>El <em>Men\u00fa Degusta la Noche<\/em> te invita a embarcarte en un recorrido por los sabores de cada estaci\u00f3n. Celebra con nosotros la frescura de los ingredientes locales y descubre c\u00f3mo la <strong>cocina de autor<\/strong> puede elevar la estacionalidad a nuevas alturas. \u00a1Te esperamos para que disfrutes de una <strong>experiencia culinaria inolvidable<\/strong> en <strong><a href=\"https:\/\/r5s.es\">El Quinto Sabor<\/a><\/strong> !<\/p>\n\n\n\n<div class=\"wp-block-group is-nowrap is-layout-flex wp-container-core-group-is-layout-ad2f72ca wp-block-group-is-layout-flex\">\n<h3 class=\"wp-block-heading\">Recomendado por La Gu\u00eda Michelin<\/h3>\n<\/div>\n\n\n\n<p>Esta experiencia culinaria esta recomendada por la excelsa <a href=\"https:\/\/guide.michelin.com\/es\/es\/comunidad-de-madrid\/villaviciosa-de-odon\/restaurante\/el-quinto-sabor\">Gu\u00eda Michelin<\/a>, lo que la convierte siempre en una opci\u00f3n de cocina de calidad.<\/p>\n\n\n\n<p><\/p>\n","protected":false},"excerpt":{"rendered":"<p>Descubre la Magia del Men\u00fa Degusta la Noche en El Quinto Sabor Cada plato de nuestro Men\u00fa Degusta la Noche es una creaci\u00f3n \u00fanica que resalta la autenticidad y frescura de los ingredientes locales. Los chefs de El Quinto Sabor , reconocidos por su creatividad, han dise\u00f1ado un men\u00fa que celebra los productos de temporada,<\/p>\n","protected":false},"author":1,"featured_media":0,"parent":0,"menu_order":0,"comment_status":"closed","ping_status":"closed","template":"","meta":{"footnotes":""},"class_list":["post-4649","page","type-page","status-publish","hentry","prodpage-style2"],"yoast_head":"<!-- This site is optimized with the Yoast SEO plugin v27.5 - https:\/\/yoast.com\/product\/yoast-seo-wordpress\/ -->\n<title>Degusta la Noche en r5s.es | Restaurante<\/title>\n<meta name=\"description\" content=\"Descubre el encanto de nuestro men\u00fa Degusta la Noche. Sabores frescos y estacionales te esperan en cada plato.\" \/>\n<meta name=\"robots\" content=\"index, follow, max-snippet:-1, max-image-preview:large, max-video-preview:-1\" \/>\n<link rel=\"canonical\" href=\"https:\/\/r5s.es\/?page_id=4649\" \/>\n<meta property=\"og:locale\" content=\"es_ES\" \/>\n<meta property=\"og:type\" content=\"article\" \/>\n<meta property=\"og:title\" content=\"Degusta la Noche en r5s.es | Restaurante\" \/>\n<meta property=\"og:description\" content=\"Descubre el encanto de nuestro men\u00fa Degusta la Noche. Sabores frescos y estacionales te esperan en cada plato.\" \/>\n<meta property=\"og:url\" content=\"https:\/\/r5s.es\/?page_id=4649\" \/>\n<meta property=\"og:site_name\" content=\"Restaurante El Quinto Sabor\" \/>\n<meta property=\"article:publisher\" content=\"https:\/\/www.facebook.com\/restaurantequintosabor\" \/>\n<meta property=\"article:modified_time\" content=\"2026-04-07T12:57:45+00:00\" \/>\n<meta property=\"og:image\" content=\"http:\/\/r5s.es\/wp-content\/uploads\/2024\/10\/Degustalanoche2210.webp\" \/>\n\t<meta property=\"og:image:width\" content=\"1200\" \/>\n\t<meta property=\"og:image:height\" content=\"1697\" \/>\n\t<meta property=\"og:image:type\" content=\"image\/webp\" \/>\n<meta name=\"twitter:card\" content=\"summary_large_image\" \/>\n<meta name=\"twitter:site\" content=\"@elquintosabor17\" \/>\n<meta name=\"twitter:label1\" content=\"Tiempo de lectura\" \/>\n\t<meta name=\"twitter:data1\" content=\"1 minuto\" \/>\n<script type=\"application\/ld+json\" class=\"yoast-schema-graph\">{\"@context\":\"https:\\\/\\\/schema.org\",\"@graph\":[{\"@type\":\"WebPage\",\"@id\":\"https:\\\/\\\/r5s.es\\\/?page_id=4649\",\"url\":\"https:\\\/\\\/r5s.es\\\/?page_id=4649\",\"name\":\"Degusta la Noche en r5s.es | Restaurante\",\"isPartOf\":{\"@id\":\"https:\\\/\\\/r5s.es\\\/#website\"},\"datePublished\":\"2024-10-22T07:33:15+00:00\",\"dateModified\":\"2026-04-07T12:57:45+00:00\",\"description\":\"Descubre el encanto de nuestro men\u00fa Degusta la Noche. Sabores frescos y estacionales te esperan en cada plato.\",\"breadcrumb\":{\"@id\":\"https:\\\/\\\/r5s.es\\\/?page_id=4649#breadcrumb\"},\"inLanguage\":\"es\",\"potentialAction\":[{\"@type\":\"ReadAction\",\"target\":[\"https:\\\/\\\/r5s.es\\\/?page_id=4649\"]}]},{\"@type\":\"BreadcrumbList\",\"@id\":\"https:\\\/\\\/r5s.es\\\/?page_id=4649#breadcrumb\",\"itemListElement\":[{\"@type\":\"ListItem\",\"position\":1,\"name\":\"Portada\",\"item\":\"https:\\\/\\\/r5s.es\\\/\"},{\"@type\":\"ListItem\",\"position\":2,\"name\":\"Degusta la Noche\"}]},{\"@type\":\"WebSite\",\"@id\":\"https:\\\/\\\/r5s.es\\\/#website\",\"url\":\"https:\\\/\\\/r5s.es\\\/\",\"name\":\"Restaurante El Quinto Sabor\",\"description\":\"Restaurante de Alta Cocina\",\"publisher\":{\"@id\":\"https:\\\/\\\/r5s.es\\\/#organization\"},\"potentialAction\":[{\"@type\":\"SearchAction\",\"target\":{\"@type\":\"EntryPoint\",\"urlTemplate\":\"https:\\\/\\\/r5s.es\\\/?s={search_term_string}\"},\"query-input\":{\"@type\":\"PropertyValueSpecification\",\"valueRequired\":true,\"valueName\":\"search_term_string\"}}],\"inLanguage\":\"es\"},{\"@type\":\"Organization\",\"@id\":\"https:\\\/\\\/r5s.es\\\/#organization\",\"name\":\"Restaurante El Quinto Sabor\",\"url\":\"https:\\\/\\\/r5s.es\\\/\",\"logo\":{\"@type\":\"ImageObject\",\"inLanguage\":\"es\",\"@id\":\"https:\\\/\\\/r5s.es\\\/#\\\/schema\\\/logo\\\/image\\\/\",\"url\":\"https:\\\/\\\/r5s.es\\\/wp-content\\\/uploads\\\/2017\\\/03\\\/logofinalapaisado2.png\",\"contentUrl\":\"https:\\\/\\\/r5s.es\\\/wp-content\\\/uploads\\\/2017\\\/03\\\/logofinalapaisado2.png\",\"width\":425,\"height\":113,\"caption\":\"Restaurante El Quinto Sabor\"},\"image\":{\"@id\":\"https:\\\/\\\/r5s.es\\\/#\\\/schema\\\/logo\\\/image\\\/\"},\"sameAs\":[\"https:\\\/\\\/www.facebook.com\\\/restaurantequintosabor\",\"https:\\\/\\\/x.com\\\/elquintosabor17\",\"https:\\\/\\\/www.instagram.com\\\/restaurante_elquintosabor\\\/\"]}]}<\/script>\n<!-- \/ Yoast SEO plugin. -->","yoast_head_json":{"title":"Degusta la Noche en r5s.es | Restaurante","description":"Descubre el encanto de nuestro men\u00fa Degusta la Noche. Sabores frescos y estacionales te esperan en cada plato.","robots":{"index":"index","follow":"follow","max-snippet":"max-snippet:-1","max-image-preview":"max-image-preview:large","max-video-preview":"max-video-preview:-1"},"canonical":"https:\/\/r5s.es\/?page_id=4649","og_locale":"es_ES","og_type":"article","og_title":"Degusta la Noche en r5s.es | Restaurante","og_description":"Descubre el encanto de nuestro men\u00fa Degusta la Noche. Sabores frescos y estacionales te esperan en cada plato.","og_url":"https:\/\/r5s.es\/?page_id=4649","og_site_name":"Restaurante El Quinto Sabor","article_publisher":"https:\/\/www.facebook.com\/restaurantequintosabor","article_modified_time":"2026-04-07T12:57:45+00:00","og_image":[{"width":1200,"height":1697,"url":"http:\/\/r5s.es\/wp-content\/uploads\/2024\/10\/Degustalanoche2210.webp","type":"image\/webp"}],"twitter_card":"summary_large_image","twitter_site":"@elquintosabor17","twitter_misc":{"Tiempo de lectura":"1 minuto"},"schema":{"@context":"https:\/\/schema.org","@graph":[{"@type":"WebPage","@id":"https:\/\/r5s.es\/?page_id=4649","url":"https:\/\/r5s.es\/?page_id=4649","name":"Degusta la Noche en r5s.es | Restaurante","isPartOf":{"@id":"https:\/\/r5s.es\/#website"},"datePublished":"2024-10-22T07:33:15+00:00","dateModified":"2026-04-07T12:57:45+00:00","description":"Descubre el encanto de nuestro men\u00fa Degusta la Noche. Sabores frescos y estacionales te esperan en cada plato.","breadcrumb":{"@id":"https:\/\/r5s.es\/?page_id=4649#breadcrumb"},"inLanguage":"es","potentialAction":[{"@type":"ReadAction","target":["https:\/\/r5s.es\/?page_id=4649"]}]},{"@type":"BreadcrumbList","@id":"https:\/\/r5s.es\/?page_id=4649#breadcrumb","itemListElement":[{"@type":"ListItem","position":1,"name":"Portada","item":"https:\/\/r5s.es\/"},{"@type":"ListItem","position":2,"name":"Degusta la Noche"}]},{"@type":"WebSite","@id":"https:\/\/r5s.es\/#website","url":"https:\/\/r5s.es\/","name":"Restaurante El Quinto Sabor","description":"Restaurante de Alta Cocina","publisher":{"@id":"https:\/\/r5s.es\/#organization"},"potentialAction":[{"@type":"SearchAction","target":{"@type":"EntryPoint","urlTemplate":"https:\/\/r5s.es\/?s={search_term_string}"},"query-input":{"@type":"PropertyValueSpecification","valueRequired":true,"valueName":"search_term_string"}}],"inLanguage":"es"},{"@type":"Organization","@id":"https:\/\/r5s.es\/#organization","name":"Restaurante El Quinto Sabor","url":"https:\/\/r5s.es\/","logo":{"@type":"ImageObject","inLanguage":"es","@id":"https:\/\/r5s.es\/#\/schema\/logo\/image\/","url":"https:\/\/r5s.es\/wp-content\/uploads\/2017\/03\/logofinalapaisado2.png","contentUrl":"https:\/\/r5s.es\/wp-content\/uploads\/2017\/03\/logofinalapaisado2.png","width":425,"height":113,"caption":"Restaurante El Quinto Sabor"},"image":{"@id":"https:\/\/r5s.es\/#\/schema\/logo\/image\/"},"sameAs":["https:\/\/www.facebook.com\/restaurantequintosabor","https:\/\/x.com\/elquintosabor17","https:\/\/www.instagram.com\/restaurante_elquintosabor\/"]}]}},"_links":{"self":[{"href":"https:\/\/r5s.es\/index.php?rest_route=\/wp\/v2\/pages\/4649","targetHints":{"allow":["GET"]}}],"collection":[{"href":"https:\/\/r5s.es\/index.php?rest_route=\/wp\/v2\/pages"}],"about":[{"href":"https:\/\/r5s.es\/index.php?rest_route=\/wp\/v2\/types\/page"}],"author":[{"embeddable":true,"href":"https:\/\/r5s.es\/index.php?rest_route=\/wp\/v2\/users\/1"}],"replies":[{"embeddable":true,"href":"https:\/\/r5s.es\/index.php?rest_route=%2Fwp%2Fv2%2Fcomments&post=4649"}],"version-history":[{"count":0,"href":"https:\/\/r5s.es\/index.php?rest_route=\/wp\/v2\/pages\/4649\/revisions"}],"wp:attachment":[{"href":"https:\/\/r5s.es\/index.php?rest_route=%2Fwp%2Fv2%2Fmedia&parent=4649"}],"curies":[{"name":"wp","href":"https:\/\/api.w.org\/{rel}","templated":true}]}}