{"id":2488,"date":"2021-01-18T10:44:03","date_gmt":"2021-01-18T09:44:03","guid":{"rendered":"http:\/\/r5s.es\/?post_type=product&#038;p=2488"},"modified":"2026-05-07T10:10:34","modified_gmt":"2026-05-07T08:10:34","slug":"tarjeta-regalo-tierra-tradicion-e-innovacion","status":"publish","type":"product","link":"https:\/\/r5s.es\/?product=tarjeta-regalo-tierra-tradicion-e-innovacion","title":{"rendered":"Tarjeta Regalo Men\u00fa Degustaci\u00f3n Tierra, Tradici\u00f3n e Innovaci\u00f3n"},"content":{"rendered":"<h3>Tarjeta Regalo Tierra Tradici\u00f3n e Innovaci\u00f3n<\/h3>\n<p>Descubre la combinaci\u00f3n perfecta entre ra\u00edces y vanguardia. Sorprende a esa persona especial con nuestra exclusiva Tarjeta Regalo Tierra Tradici\u00f3n e Innovaci\u00f3n, una invitaci\u00f3n a disfrutar de la mejor gastronom\u00eda en el restaurante <a href=\"https:\/\/r5s.es\">El Quinto Sabor<\/a>.<\/p>\n<p>\u00bfEst\u00e1s buscando el regalo perfecto? \u00bfCansado\/a de regalar siempre las mismas cosas o de romperte la cabeza buscando algo especial?<\/p>\n<p>Regala experiencias gastron\u00f3micas en el restaurante El Quinto Sabor.<\/p>\n<h3>\u00bfC\u00d3MO FUNCIONA?<\/h3>\n<ol>\n<li><strong>Elige la tarjeta regalo:<\/strong>\u00a0Selecciona la tarjeta que deseas regalar.<\/li>\n<li><strong>Selecciona el importe y los detalles:<\/strong>\u00a0Elige el valor de la tarjeta, la cantidad de tarjetas que quieres regalar y proporciona el correo electr\u00f3nico del destinatario.<\/li>\n<li><strong>Confirma y paga tu pedido:<\/strong>\u00a0A\u00f1ade la tarjeta regalo al carrito, confirma el pedido y realiza el pago.<\/li>\n<li><strong>Recibe la confirmaci\u00f3n:<\/strong>\u00a0Recibir\u00e1s un correo electr\u00f3nico de confirmaci\u00f3n en la direcci\u00f3n proporcionada. La tarjeta regalo ser\u00e1 enviada al correo indicado en un plazo de 24\/48 horas.<\/li>\n<li><strong>Canjea la tarjeta regalo:<\/strong>\u00a0La persona que reciba la tarjeta podr\u00e1 canjearla llamando al restaurante para reservar la mesa o curso deseado.<\/li>\n<\/ol>\n<h3><\/h3>\n<h3>PREGUNTAS FRECUENTES<\/h3>\n<p><strong>\u00bfLa tarjeta tiene caducidad?<\/strong><\/p>\n<p>No, las tarjetas regalo no tienen caducidad. El destinatario puede utilizarlas cuando desee, simplemente llamando al restaurante para realizar la reserva.<\/p>\n<p><strong>\u00bfC\u00f3mo puedo pagar mi pedido?<\/strong><\/p>\n<p>Al agregar la tarjeta regalo a tu carrito, podr\u00e1s pagar ingresando los datos de tu tarjeta de cr\u00e9dito o d\u00e9bito.<\/p>\n<p>&nbsp;<\/p>\n<p>Si tienes alguna otra pregunta o necesitas asistencia adicional, no dudes en contactarnos.<\/p>\n","protected":false},"excerpt":{"rendered":"<p>Sorprende con nuestro Men\u00fa Degustaci\u00f3n \u00abTierra, Tradici\u00f3n e Innovaci\u00f3n\u00bb en <a href=\"https:\/\/r5s.es\">El Quinto Sabor<\/a>. La opci\u00f3n perfecta para los amantes de la gastronom\u00eda que buscan disfrutar de nuestras ra\u00edces culinarias unidas a la alta cocina.<\/p>\n<p>&#x1f381; \u00bfQu\u00e9 incluye? Un men\u00fa degustaci\u00f3n completo (bebidas no incluidas).<\/p>\n<p>&#x23f1;&#xfe0f; Validez: Valida por 1 a\u00f1o desde la fecha de la compra. \u00a1Que lo disfruten cuando quieran!<\/p>\n<p>&#x1f48c; Entrega: Env\u00edo inmediato de c\u00f3digos por email al destinatario o a ti para que los imprimas y presentes el d\u00eda de la reserva.<\/p>\n<p>El regalo perfecto para quienes valoran la alta cocina y las creaciones mas espectaculares.<\/p>\n","protected":false},"featured_media":6144,"comment_status":"open","ping_status":"closed","template":"","meta":[],"product_brand":[],"product_cat":[140],"product_tag":[],"giftcard-category":[153],"class_list":{"0":"post-2488","1":"product","2":"type-product","3":"status-publish","4":"has-post-thumbnail","6":"product_cat-tienda_el_quinto_sabor","7":"giftcard-category-menus-degustacion","9":"first","10":"instock","11":"virtual","12":"purchasable","13":"product-type-gift-card","14":"prodpage-style2"},"yoast_head":"<!-- This site is optimized with the Yoast SEO plugin v27.5 - https:\/\/yoast.com\/product\/yoast-seo-wordpress\/ -->\n<title>Tarjeta Regalo Tierra Tradici\u00f3n e Innovaci\u00f3n | El Quinto Sabor<\/title>\n<meta name=\"description\" content=\"Sorprende con la Tarjeta Regalo Tierra Tradici\u00f3n e Innovaci\u00f3n en El Quinto Sabor (Madrid). Alta cocina sin caducidad. \u00a1Compra tu regalo online ahora!\" \/>\n<meta name=\"robots\" content=\"index, follow, max-snippet:-1, max-image-preview:large, max-video-preview:-1\" \/>\n<link rel=\"canonical\" href=\"https:\/\/r5s.es\/?product=tarjeta-regalo-tierra-tradicion-e-innovacion\" \/>\n<meta property=\"og:locale\" content=\"es_ES\" \/>\n<meta property=\"og:type\" content=\"article\" \/>\n<meta property=\"og:title\" content=\"Tarjeta Regalo Tierra Tradici\u00f3n e Innovaci\u00f3n | El Quinto Sabor\" \/>\n<meta property=\"og:description\" content=\"Sorprende con la Tarjeta Regalo Tierra Tradici\u00f3n e Innovaci\u00f3n en El Quinto Sabor (Madrid). Alta cocina sin caducidad. \u00a1Compra tu regalo online ahora!\" \/>\n<meta property=\"og:url\" content=\"https:\/\/r5s.es\/?product=tarjeta-regalo-tierra-tradicion-e-innovacion\" \/>\n<meta property=\"og:site_name\" content=\"Restaurante El Quinto Sabor\" \/>\n<meta property=\"article:publisher\" content=\"https:\/\/www.facebook.com\/restaurantequintosabor\" \/>\n<meta property=\"article:modified_time\" content=\"2026-05-07T08:10:34+00:00\" \/>\n<meta property=\"og:image\" content=\"https:\/\/r5s.es\/wp-content\/uploads\/2021\/01\/IMG_2702-1.png\" \/>\n\t<meta property=\"og:image:width\" content=\"1023\" \/>\n\t<meta property=\"og:image:height\" content=\"1537\" \/>\n\t<meta property=\"og:image:type\" content=\"image\/png\" \/>\n<meta name=\"twitter:card\" content=\"summary_large_image\" \/>\n<meta name=\"twitter:site\" content=\"@elquintosabor17\" \/>\n<meta name=\"twitter:label1\" content=\"Tiempo de lectura\" \/>\n\t<meta name=\"twitter:data1\" content=\"1 minuto\" \/>\n<script type=\"application\/ld+json\" class=\"yoast-schema-graph\">{\"@context\":\"https:\\\/\\\/schema.org\",\"@graph\":[{\"@type\":\"WebPage\",\"@id\":\"https:\\\/\\\/r5s.es\\\/?product=tarjeta-regalo-tierra-tradicion-e-innovacion\",\"url\":\"https:\\\/\\\/r5s.es\\\/?product=tarjeta-regalo-tierra-tradicion-e-innovacion\",\"name\":\"Tarjeta Regalo Tierra Tradici\u00f3n e Innovaci\u00f3n | El Quinto Sabor\",\"isPartOf\":{\"@id\":\"https:\\\/\\\/r5s.es\\\/#website\"},\"primaryImageOfPage\":{\"@id\":\"https:\\\/\\\/r5s.es\\\/?product=tarjeta-regalo-tierra-tradicion-e-innovacion#primaryimage\"},\"image\":{\"@id\":\"https:\\\/\\\/r5s.es\\\/?product=tarjeta-regalo-tierra-tradicion-e-innovacion#primaryimage\"},\"thumbnailUrl\":\"https:\\\/\\\/r5s.es\\\/wp-content\\\/uploads\\\/2021\\\/01\\\/IMG_2702-1.png\",\"datePublished\":\"2021-01-18T09:44:03+00:00\",\"dateModified\":\"2026-05-07T08:10:34+00:00\",\"description\":\"Sorprende con la Tarjeta Regalo Tierra Tradici\u00f3n e Innovaci\u00f3n en El Quinto Sabor (Madrid). Alta cocina sin caducidad. \u00a1Compra tu regalo online ahora!\",\"breadcrumb\":{\"@id\":\"https:\\\/\\\/r5s.es\\\/?product=tarjeta-regalo-tierra-tradicion-e-innovacion#breadcrumb\"},\"inLanguage\":\"es\",\"potentialAction\":[{\"@type\":\"ReadAction\",\"target\":[\"https:\\\/\\\/r5s.es\\\/?product=tarjeta-regalo-tierra-tradicion-e-innovacion\"]}]},{\"@type\":\"ImageObject\",\"inLanguage\":\"es\",\"@id\":\"https:\\\/\\\/r5s.es\\\/?product=tarjeta-regalo-tierra-tradicion-e-innovacion#primaryimage\",\"url\":\"https:\\\/\\\/r5s.es\\\/wp-content\\\/uploads\\\/2021\\\/01\\\/IMG_2702-1.png\",\"contentUrl\":\"https:\\\/\\\/r5s.es\\\/wp-content\\\/uploads\\\/2021\\\/01\\\/IMG_2702-1.png\",\"width\":1023,\"height\":1537,\"caption\":\"Tarjeta Regalo Tierra Tradici\u00f3n e Innovaci\u00f3n\"},{\"@type\":\"BreadcrumbList\",\"@id\":\"https:\\\/\\\/r5s.es\\\/?product=tarjeta-regalo-tierra-tradicion-e-innovacion#breadcrumb\",\"itemListElement\":[{\"@type\":\"ListItem\",\"position\":1,\"name\":\"Portada\",\"item\":\"https:\\\/\\\/r5s.es\\\/\"},{\"@type\":\"ListItem\",\"position\":2,\"name\":\"Tienda\",\"item\":\"https:\\\/\\\/r5s.es\\\/?page_id=1556\"},{\"@type\":\"ListItem\",\"position\":3,\"name\":\"Tarjeta Regalo Men\u00fa Degustaci\u00f3n Tierra, Tradici\u00f3n e Innovaci\u00f3n\"}]},{\"@type\":\"WebSite\",\"@id\":\"https:\\\/\\\/r5s.es\\\/#website\",\"url\":\"https:\\\/\\\/r5s.es\\\/\",\"name\":\"Restaurante El Quinto Sabor\",\"description\":\"Restaurante de Alta Cocina\",\"publisher\":{\"@id\":\"https:\\\/\\\/r5s.es\\\/#organization\"},\"potentialAction\":[{\"@type\":\"SearchAction\",\"target\":{\"@type\":\"EntryPoint\",\"urlTemplate\":\"https:\\\/\\\/r5s.es\\\/?s={search_term_string}\"},\"query-input\":{\"@type\":\"PropertyValueSpecification\",\"valueRequired\":true,\"valueName\":\"search_term_string\"}}],\"inLanguage\":\"es\"},{\"@type\":\"Organization\",\"@id\":\"https:\\\/\\\/r5s.es\\\/#organization\",\"name\":\"Restaurante El Quinto Sabor\",\"url\":\"https:\\\/\\\/r5s.es\\\/\",\"logo\":{\"@type\":\"ImageObject\",\"inLanguage\":\"es\",\"@id\":\"https:\\\/\\\/r5s.es\\\/#\\\/schema\\\/logo\\\/image\\\/\",\"url\":\"https:\\\/\\\/r5s.es\\\/wp-content\\\/uploads\\\/2017\\\/03\\\/logofinalapaisado2.png\",\"contentUrl\":\"https:\\\/\\\/r5s.es\\\/wp-content\\\/uploads\\\/2017\\\/03\\\/logofinalapaisado2.png\",\"width\":425,\"height\":113,\"caption\":\"Restaurante El Quinto Sabor\"},\"image\":{\"@id\":\"https:\\\/\\\/r5s.es\\\/#\\\/schema\\\/logo\\\/image\\\/\"},\"sameAs\":[\"https:\\\/\\\/www.facebook.com\\\/restaurantequintosabor\",\"https:\\\/\\\/x.com\\\/elquintosabor17\",\"https:\\\/\\\/www.instagram.com\\\/restaurante_elquintosabor\\\/\"]}]}<\/script>\n<!-- \/ Yoast SEO plugin. -->","yoast_head_json":{"title":"Tarjeta Regalo Tierra Tradici\u00f3n e Innovaci\u00f3n | El Quinto Sabor","description":"Sorprende con la Tarjeta Regalo Tierra Tradici\u00f3n e Innovaci\u00f3n en El Quinto Sabor (Madrid). Alta cocina sin caducidad. \u00a1Compra tu regalo online ahora!","robots":{"index":"index","follow":"follow","max-snippet":"max-snippet:-1","max-image-preview":"max-image-preview:large","max-video-preview":"max-video-preview:-1"},"canonical":"https:\/\/r5s.es\/?product=tarjeta-regalo-tierra-tradicion-e-innovacion","og_locale":"es_ES","og_type":"article","og_title":"Tarjeta Regalo Tierra Tradici\u00f3n e Innovaci\u00f3n | El Quinto Sabor","og_description":"Sorprende con la Tarjeta Regalo Tierra Tradici\u00f3n e Innovaci\u00f3n en El Quinto Sabor (Madrid). Alta cocina sin caducidad. \u00a1Compra tu regalo online ahora!","og_url":"https:\/\/r5s.es\/?product=tarjeta-regalo-tierra-tradicion-e-innovacion","og_site_name":"Restaurante El Quinto Sabor","article_publisher":"https:\/\/www.facebook.com\/restaurantequintosabor","article_modified_time":"2026-05-07T08:10:34+00:00","og_image":[{"width":1023,"height":1537,"url":"https:\/\/r5s.es\/wp-content\/uploads\/2021\/01\/IMG_2702-1.png","type":"image\/png"}],"twitter_card":"summary_large_image","twitter_site":"@elquintosabor17","twitter_misc":{"Tiempo de lectura":"1 minuto"},"schema":{"@context":"https:\/\/schema.org","@graph":[{"@type":"WebPage","@id":"https:\/\/r5s.es\/?product=tarjeta-regalo-tierra-tradicion-e-innovacion","url":"https:\/\/r5s.es\/?product=tarjeta-regalo-tierra-tradicion-e-innovacion","name":"Tarjeta Regalo Tierra Tradici\u00f3n e Innovaci\u00f3n | El Quinto Sabor","isPartOf":{"@id":"https:\/\/r5s.es\/#website"},"primaryImageOfPage":{"@id":"https:\/\/r5s.es\/?product=tarjeta-regalo-tierra-tradicion-e-innovacion#primaryimage"},"image":{"@id":"https:\/\/r5s.es\/?product=tarjeta-regalo-tierra-tradicion-e-innovacion#primaryimage"},"thumbnailUrl":"https:\/\/r5s.es\/wp-content\/uploads\/2021\/01\/IMG_2702-1.png","datePublished":"2021-01-18T09:44:03+00:00","dateModified":"2026-05-07T08:10:34+00:00","description":"Sorprende con la Tarjeta Regalo Tierra Tradici\u00f3n e Innovaci\u00f3n en El Quinto Sabor (Madrid). Alta cocina sin caducidad. \u00a1Compra tu regalo online ahora!","breadcrumb":{"@id":"https:\/\/r5s.es\/?product=tarjeta-regalo-tierra-tradicion-e-innovacion#breadcrumb"},"inLanguage":"es","potentialAction":[{"@type":"ReadAction","target":["https:\/\/r5s.es\/?product=tarjeta-regalo-tierra-tradicion-e-innovacion"]}]},{"@type":"ImageObject","inLanguage":"es","@id":"https:\/\/r5s.es\/?product=tarjeta-regalo-tierra-tradicion-e-innovacion#primaryimage","url":"https:\/\/r5s.es\/wp-content\/uploads\/2021\/01\/IMG_2702-1.png","contentUrl":"https:\/\/r5s.es\/wp-content\/uploads\/2021\/01\/IMG_2702-1.png","width":1023,"height":1537,"caption":"Tarjeta Regalo Tierra Tradici\u00f3n e Innovaci\u00f3n"},{"@type":"BreadcrumbList","@id":"https:\/\/r5s.es\/?product=tarjeta-regalo-tierra-tradicion-e-innovacion#breadcrumb","itemListElement":[{"@type":"ListItem","position":1,"name":"Portada","item":"https:\/\/r5s.es\/"},{"@type":"ListItem","position":2,"name":"Tienda","item":"https:\/\/r5s.es\/?page_id=1556"},{"@type":"ListItem","position":3,"name":"Tarjeta Regalo Men\u00fa Degustaci\u00f3n Tierra, Tradici\u00f3n e Innovaci\u00f3n"}]},{"@type":"WebSite","@id":"https:\/\/r5s.es\/#website","url":"https:\/\/r5s.es\/","name":"Restaurante El Quinto Sabor","description":"Restaurante de Alta Cocina","publisher":{"@id":"https:\/\/r5s.es\/#organization"},"potentialAction":[{"@type":"SearchAction","target":{"@type":"EntryPoint","urlTemplate":"https:\/\/r5s.es\/?s={search_term_string}"},"query-input":{"@type":"PropertyValueSpecification","valueRequired":true,"valueName":"search_term_string"}}],"inLanguage":"es"},{"@type":"Organization","@id":"https:\/\/r5s.es\/#organization","name":"Restaurante El Quinto Sabor","url":"https:\/\/r5s.es\/","logo":{"@type":"ImageObject","inLanguage":"es","@id":"https:\/\/r5s.es\/#\/schema\/logo\/image\/","url":"https:\/\/r5s.es\/wp-content\/uploads\/2017\/03\/logofinalapaisado2.png","contentUrl":"https:\/\/r5s.es\/wp-content\/uploads\/2017\/03\/logofinalapaisado2.png","width":425,"height":113,"caption":"Restaurante El Quinto Sabor"},"image":{"@id":"https:\/\/r5s.es\/#\/schema\/logo\/image\/"},"sameAs":["https:\/\/www.facebook.com\/restaurantequintosabor","https:\/\/x.com\/elquintosabor17","https:\/\/www.instagram.com\/restaurante_elquintosabor\/"]}]}},"_links":{"self":[{"href":"https:\/\/r5s.es\/index.php?rest_route=\/wp\/v2\/product\/2488","targetHints":{"allow":["GET"]}}],"collection":[{"href":"https:\/\/r5s.es\/index.php?rest_route=\/wp\/v2\/product"}],"about":[{"href":"https:\/\/r5s.es\/index.php?rest_route=\/wp\/v2\/types\/product"}],"replies":[{"embeddable":true,"href":"https:\/\/r5s.es\/index.php?rest_route=%2Fwp%2Fv2%2Fcomments&post=2488"}],"wp:featuredmedia":[{"embeddable":true,"href":"https:\/\/r5s.es\/index.php?rest_route=\/wp\/v2\/media\/6144"}],"wp:attachment":[{"href":"https:\/\/r5s.es\/index.php?rest_route=%2Fwp%2Fv2%2Fmedia&parent=2488"}],"wp:term":[{"taxonomy":"product_brand","embeddable":true,"href":"https:\/\/r5s.es\/index.php?rest_route=%2Fwp%2Fv2%2Fproduct_brand&post=2488"},{"taxonomy":"product_cat","embeddable":true,"href":"https:\/\/r5s.es\/index.php?rest_route=%2Fwp%2Fv2%2Fproduct_cat&post=2488"},{"taxonomy":"product_tag","embeddable":true,"href":"https:\/\/r5s.es\/index.php?rest_route=%2Fwp%2Fv2%2Fproduct_tag&post=2488"},{"taxonomy":"giftcard-category","embeddable":true,"href":"https:\/\/r5s.es\/index.php?rest_route=%2Fwp%2Fv2%2Fgiftcard-category&post=2488"}],"curies":[{"name":"wp","href":"https:\/\/api.w.org\/{rel}","templated":true}]}}