{"id":2492,"date":"2021-01-18T10:45:34","date_gmt":"2021-01-18T09:45:34","guid":{"rendered":"http:\/\/r5s.es\/?post_type=product&#038;p=2492"},"modified":"2024-10-21T11:45:36","modified_gmt":"2024-10-21T09:45:36","slug":"tarjeta-regalo-menu-degustacion-13-experiencias","status":"publish","type":"product","link":"https:\/\/r5s.es\/?product=tarjeta-regalo-menu-degustacion-13-experiencias","title":{"rendered":"Tarjeta Regalo Men\u00fa Degustaci\u00f3n Madrid Gastro Multicultural"},"content":{"rendered":"<h3>TARJETA DE REGALO EL QUINTO SABOR<\/h3>\n<p>\u00bfEst\u00e1s buscando el regalo perfecto? \u00bfCansado\/a de regalar siempre las mismas cosas o de romperte la cabeza buscando algo especial?<\/p>\n<p>Regala experiencias gastron\u00f3micas en el restaurante El Quinto Sabor.<\/p>\n<h3>\u00bfC\u00d3MO FUNCIONA?<\/h3>\n<ol>\n<li><strong>Elige la tarjeta regalo:<\/strong>\u00a0Selecciona la tarjeta que deseas regalar.<\/li>\n<li><strong>Selecciona el importe y los detalles:<\/strong>\u00a0Elige el valor de la tarjeta, la cantidad de tarjetas que quieres regalar y proporciona el correo electr\u00f3nico del destinatario.<\/li>\n<li><strong>Confirma y paga tu pedido:<\/strong>\u00a0A\u00f1ade la tarjeta regalo al carrito, confirma el pedido y realiza el pago.<\/li>\n<li><strong>Recibe la confirmaci\u00f3n:<\/strong>\u00a0Recibir\u00e1s un correo electr\u00f3nico de confirmaci\u00f3n en la direcci\u00f3n proporcionada. La tarjeta regalo ser\u00e1 enviada al correo indicado en un plazo de 24\/48 horas.<\/li>\n<li><strong>Canjea la tarjeta regalo:<\/strong>\u00a0La persona que reciba la tarjeta podr\u00e1 canjearla llamando al restaurante para reservar la mesa o curso deseado.<\/li>\n<\/ol>\n<h3><\/h3>\n<h3>PREGUNTAS FRECUENTES<\/h3>\n<p><strong>\u00bfLa tarjeta tiene caducidad?<\/strong><\/p>\n<p>No, las tarjetas regalo no tienen caducidad. El destinatario puede utilizarlas cuando desee, simplemente llamando al restaurante para realizar la reserva.<\/p>\n<p><strong>\u00bfC\u00f3mo puedo pagar mi pedido?<\/strong><\/p>\n<p>Al agregar la tarjeta regalo a tu carrito, podr\u00e1s pagar ingresando los datos de tu tarjeta de cr\u00e9dito o d\u00e9bito.<\/p>\n<p>&nbsp;<\/p>\n<p>Si tienes alguna otra pregunta o necesitas asistencia adicional, no dudes en contactarnos.<\/p>\n","protected":false},"excerpt":{"rendered":"<p><span style=\"font-size: 17px;\"><a href=\"https:\/\/r5s.es\/?page_id=3812\"><span style=\"color: #003366;\">Degustaci\u00f3n Madrid Gastro Multicultural<\/span><\/a><\/span><\/p>\n<p><span style=\"font-size: 17px;\">* Los men\u00fas no incluyen bebida.<\/span><\/p>\n","protected":false},"featured_media":4389,"comment_status":"open","ping_status":"closed","template":"","meta":[],"product_brand":[],"product_cat":[140],"product_tag":[],"giftcard-category":[153],"class_list":{"0":"post-2492","1":"product","2":"type-product","3":"status-publish","4":"has-post-thumbnail","6":"product_cat-tienda_el_quinto_sabor","7":"giftcard-category-menus-degustacion","9":"first","10":"instock","11":"virtual","12":"purchasable","13":"product-type-gift-card","14":"prodpage-style2"},"yoast_head":"<!-- This site is optimized with the Yoast SEO plugin v27.4 - https:\/\/yoast.com\/product\/yoast-seo-wordpress\/ -->\n<title>Tarjeta Regalo Men\u00fa Degustaci\u00f3n Madrid Gastro Multicultural - Restaurante El Quinto Sabor<\/title>\n<meta name=\"robots\" content=\"index, follow, max-snippet:-1, max-image-preview:large, max-video-preview:-1\" \/>\n<link rel=\"canonical\" href=\"https:\/\/r5s.es\/?product=tarjeta-regalo-menu-degustacion-13-experiencias\" \/>\n<meta property=\"og:locale\" content=\"es_ES\" \/>\n<meta property=\"og:type\" content=\"article\" \/>\n<meta property=\"og:title\" content=\"Tarjeta Regalo Men\u00fa Degustaci\u00f3n Madrid Gastro Multicultural - Restaurante El Quinto Sabor\" \/>\n<meta property=\"og:description\" content=\"Degustaci\u00f3n Madrid Gastro Multicultural  * Los men\u00fas no incluyen bebida.\" \/>\n<meta property=\"og:url\" content=\"https:\/\/r5s.es\/?product=tarjeta-regalo-menu-degustacion-13-experiencias\" \/>\n<meta property=\"og:site_name\" content=\"Restaurante El Quinto Sabor\" \/>\n<meta property=\"article:publisher\" content=\"https:\/\/www.facebook.com\/restaurantequintosabor\" \/>\n<meta property=\"article:modified_time\" content=\"2024-10-21T09:45:36+00:00\" \/>\n<meta property=\"og:image\" content=\"http:\/\/r5s.es\/wp-content\/uploads\/2021\/01\/multicultural.jpg\" \/>\n\t<meta property=\"og:image:width\" content=\"1024\" \/>\n\t<meta property=\"og:image:height\" content=\"1024\" \/>\n\t<meta property=\"og:image:type\" content=\"image\/jpeg\" \/>\n<meta name=\"twitter:card\" content=\"summary_large_image\" \/>\n<meta name=\"twitter:site\" content=\"@elquintosabor17\" \/>\n<meta name=\"twitter:label1\" content=\"Tiempo de lectura\" \/>\n\t<meta name=\"twitter:data1\" content=\"2 minutos\" \/>\n<script type=\"application\/ld+json\" class=\"yoast-schema-graph\">{\"@context\":\"https:\\\/\\\/schema.org\",\"@graph\":[{\"@type\":\"WebPage\",\"@id\":\"https:\\\/\\\/r5s.es\\\/?product=tarjeta-regalo-menu-degustacion-13-experiencias\",\"url\":\"https:\\\/\\\/r5s.es\\\/?product=tarjeta-regalo-menu-degustacion-13-experiencias\",\"name\":\"Tarjeta Regalo Men\u00fa Degustaci\u00f3n Madrid Gastro Multicultural - Restaurante El Quinto Sabor\",\"isPartOf\":{\"@id\":\"https:\\\/\\\/r5s.es\\\/#website\"},\"primaryImageOfPage\":{\"@id\":\"https:\\\/\\\/r5s.es\\\/?product=tarjeta-regalo-menu-degustacion-13-experiencias#primaryimage\"},\"image\":{\"@id\":\"https:\\\/\\\/r5s.es\\\/?product=tarjeta-regalo-menu-degustacion-13-experiencias#primaryimage\"},\"thumbnailUrl\":\"https:\\\/\\\/r5s.es\\\/wp-content\\\/uploads\\\/2021\\\/01\\\/multicultural.jpg\",\"datePublished\":\"2021-01-18T09:45:34+00:00\",\"dateModified\":\"2024-10-21T09:45:36+00:00\",\"breadcrumb\":{\"@id\":\"https:\\\/\\\/r5s.es\\\/?product=tarjeta-regalo-menu-degustacion-13-experiencias#breadcrumb\"},\"inLanguage\":\"es\",\"potentialAction\":[{\"@type\":\"ReadAction\",\"target\":[\"https:\\\/\\\/r5s.es\\\/?product=tarjeta-regalo-menu-degustacion-13-experiencias\"]}]},{\"@type\":\"ImageObject\",\"inLanguage\":\"es\",\"@id\":\"https:\\\/\\\/r5s.es\\\/?product=tarjeta-regalo-menu-degustacion-13-experiencias#primaryimage\",\"url\":\"https:\\\/\\\/r5s.es\\\/wp-content\\\/uploads\\\/2021\\\/01\\\/multicultural.jpg\",\"contentUrl\":\"https:\\\/\\\/r5s.es\\\/wp-content\\\/uploads\\\/2021\\\/01\\\/multicultural.jpg\",\"width\":1024,\"height\":1024},{\"@type\":\"BreadcrumbList\",\"@id\":\"https:\\\/\\\/r5s.es\\\/?product=tarjeta-regalo-menu-degustacion-13-experiencias#breadcrumb\",\"itemListElement\":[{\"@type\":\"ListItem\",\"position\":1,\"name\":\"Portada\",\"item\":\"https:\\\/\\\/r5s.es\\\/\"},{\"@type\":\"ListItem\",\"position\":2,\"name\":\"Tienda\",\"item\":\"https:\\\/\\\/r5s.es\\\/?page_id=1556\"},{\"@type\":\"ListItem\",\"position\":3,\"name\":\"Tarjeta Regalo Men\u00fa Degustaci\u00f3n Madrid Gastro Multicultural\"}]},{\"@type\":\"WebSite\",\"@id\":\"https:\\\/\\\/r5s.es\\\/#website\",\"url\":\"https:\\\/\\\/r5s.es\\\/\",\"name\":\"Restaurante El Quinto Sabor\",\"description\":\"Restaurante de Alta Cocina\",\"publisher\":{\"@id\":\"https:\\\/\\\/r5s.es\\\/#organization\"},\"potentialAction\":[{\"@type\":\"SearchAction\",\"target\":{\"@type\":\"EntryPoint\",\"urlTemplate\":\"https:\\\/\\\/r5s.es\\\/?s={search_term_string}\"},\"query-input\":{\"@type\":\"PropertyValueSpecification\",\"valueRequired\":true,\"valueName\":\"search_term_string\"}}],\"inLanguage\":\"es\"},{\"@type\":\"Organization\",\"@id\":\"https:\\\/\\\/r5s.es\\\/#organization\",\"name\":\"Restaurante El Quinto Sabor\",\"url\":\"https:\\\/\\\/r5s.es\\\/\",\"logo\":{\"@type\":\"ImageObject\",\"inLanguage\":\"es\",\"@id\":\"https:\\\/\\\/r5s.es\\\/#\\\/schema\\\/logo\\\/image\\\/\",\"url\":\"https:\\\/\\\/r5s.es\\\/wp-content\\\/uploads\\\/2017\\\/03\\\/logofinalapaisado2.png\",\"contentUrl\":\"https:\\\/\\\/r5s.es\\\/wp-content\\\/uploads\\\/2017\\\/03\\\/logofinalapaisado2.png\",\"width\":425,\"height\":113,\"caption\":\"Restaurante El Quinto Sabor\"},\"image\":{\"@id\":\"https:\\\/\\\/r5s.es\\\/#\\\/schema\\\/logo\\\/image\\\/\"},\"sameAs\":[\"https:\\\/\\\/www.facebook.com\\\/restaurantequintosabor\",\"https:\\\/\\\/x.com\\\/elquintosabor17\",\"https:\\\/\\\/www.instagram.com\\\/restaurante_elquintosabor\\\/\"]}]}<\/script>\n<!-- \/ Yoast SEO plugin. -->","yoast_head_json":{"title":"Tarjeta Regalo Men\u00fa Degustaci\u00f3n Madrid Gastro Multicultural - Restaurante El Quinto Sabor","robots":{"index":"index","follow":"follow","max-snippet":"max-snippet:-1","max-image-preview":"max-image-preview:large","max-video-preview":"max-video-preview:-1"},"canonical":"https:\/\/r5s.es\/?product=tarjeta-regalo-menu-degustacion-13-experiencias","og_locale":"es_ES","og_type":"article","og_title":"Tarjeta Regalo Men\u00fa Degustaci\u00f3n Madrid Gastro Multicultural - Restaurante El Quinto Sabor","og_description":"Degustaci\u00f3n Madrid Gastro Multicultural  * Los men\u00fas no incluyen bebida.","og_url":"https:\/\/r5s.es\/?product=tarjeta-regalo-menu-degustacion-13-experiencias","og_site_name":"Restaurante El Quinto Sabor","article_publisher":"https:\/\/www.facebook.com\/restaurantequintosabor","article_modified_time":"2024-10-21T09:45:36+00:00","og_image":[{"width":1024,"height":1024,"url":"http:\/\/r5s.es\/wp-content\/uploads\/2021\/01\/multicultural.jpg","type":"image\/jpeg"}],"twitter_card":"summary_large_image","twitter_site":"@elquintosabor17","twitter_misc":{"Tiempo de lectura":"2 minutos"},"schema":{"@context":"https:\/\/schema.org","@graph":[{"@type":"WebPage","@id":"https:\/\/r5s.es\/?product=tarjeta-regalo-menu-degustacion-13-experiencias","url":"https:\/\/r5s.es\/?product=tarjeta-regalo-menu-degustacion-13-experiencias","name":"Tarjeta Regalo Men\u00fa Degustaci\u00f3n Madrid Gastro Multicultural - Restaurante El Quinto Sabor","isPartOf":{"@id":"https:\/\/r5s.es\/#website"},"primaryImageOfPage":{"@id":"https:\/\/r5s.es\/?product=tarjeta-regalo-menu-degustacion-13-experiencias#primaryimage"},"image":{"@id":"https:\/\/r5s.es\/?product=tarjeta-regalo-menu-degustacion-13-experiencias#primaryimage"},"thumbnailUrl":"https:\/\/r5s.es\/wp-content\/uploads\/2021\/01\/multicultural.jpg","datePublished":"2021-01-18T09:45:34+00:00","dateModified":"2024-10-21T09:45:36+00:00","breadcrumb":{"@id":"https:\/\/r5s.es\/?product=tarjeta-regalo-menu-degustacion-13-experiencias#breadcrumb"},"inLanguage":"es","potentialAction":[{"@type":"ReadAction","target":["https:\/\/r5s.es\/?product=tarjeta-regalo-menu-degustacion-13-experiencias"]}]},{"@type":"ImageObject","inLanguage":"es","@id":"https:\/\/r5s.es\/?product=tarjeta-regalo-menu-degustacion-13-experiencias#primaryimage","url":"https:\/\/r5s.es\/wp-content\/uploads\/2021\/01\/multicultural.jpg","contentUrl":"https:\/\/r5s.es\/wp-content\/uploads\/2021\/01\/multicultural.jpg","width":1024,"height":1024},{"@type":"BreadcrumbList","@id":"https:\/\/r5s.es\/?product=tarjeta-regalo-menu-degustacion-13-experiencias#breadcrumb","itemListElement":[{"@type":"ListItem","position":1,"name":"Portada","item":"https:\/\/r5s.es\/"},{"@type":"ListItem","position":2,"name":"Tienda","item":"https:\/\/r5s.es\/?page_id=1556"},{"@type":"ListItem","position":3,"name":"Tarjeta Regalo Men\u00fa Degustaci\u00f3n Madrid Gastro Multicultural"}]},{"@type":"WebSite","@id":"https:\/\/r5s.es\/#website","url":"https:\/\/r5s.es\/","name":"Restaurante El Quinto Sabor","description":"Restaurante de Alta Cocina","publisher":{"@id":"https:\/\/r5s.es\/#organization"},"potentialAction":[{"@type":"SearchAction","target":{"@type":"EntryPoint","urlTemplate":"https:\/\/r5s.es\/?s={search_term_string}"},"query-input":{"@type":"PropertyValueSpecification","valueRequired":true,"valueName":"search_term_string"}}],"inLanguage":"es"},{"@type":"Organization","@id":"https:\/\/r5s.es\/#organization","name":"Restaurante El Quinto Sabor","url":"https:\/\/r5s.es\/","logo":{"@type":"ImageObject","inLanguage":"es","@id":"https:\/\/r5s.es\/#\/schema\/logo\/image\/","url":"https:\/\/r5s.es\/wp-content\/uploads\/2017\/03\/logofinalapaisado2.png","contentUrl":"https:\/\/r5s.es\/wp-content\/uploads\/2017\/03\/logofinalapaisado2.png","width":425,"height":113,"caption":"Restaurante El Quinto Sabor"},"image":{"@id":"https:\/\/r5s.es\/#\/schema\/logo\/image\/"},"sameAs":["https:\/\/www.facebook.com\/restaurantequintosabor","https:\/\/x.com\/elquintosabor17","https:\/\/www.instagram.com\/restaurante_elquintosabor\/"]}]}},"_links":{"self":[{"href":"https:\/\/r5s.es\/index.php?rest_route=\/wp\/v2\/product\/2492","targetHints":{"allow":["GET"]}}],"collection":[{"href":"https:\/\/r5s.es\/index.php?rest_route=\/wp\/v2\/product"}],"about":[{"href":"https:\/\/r5s.es\/index.php?rest_route=\/wp\/v2\/types\/product"}],"replies":[{"embeddable":true,"href":"https:\/\/r5s.es\/index.php?rest_route=%2Fwp%2Fv2%2Fcomments&post=2492"}],"wp:featuredmedia":[{"embeddable":true,"href":"https:\/\/r5s.es\/index.php?rest_route=\/wp\/v2\/media\/4389"}],"wp:attachment":[{"href":"https:\/\/r5s.es\/index.php?rest_route=%2Fwp%2Fv2%2Fmedia&parent=2492"}],"wp:term":[{"taxonomy":"product_brand","embeddable":true,"href":"https:\/\/r5s.es\/index.php?rest_route=%2Fwp%2Fv2%2Fproduct_brand&post=2492"},{"taxonomy":"product_cat","embeddable":true,"href":"https:\/\/r5s.es\/index.php?rest_route=%2Fwp%2Fv2%2Fproduct_cat&post=2492"},{"taxonomy":"product_tag","embeddable":true,"href":"https:\/\/r5s.es\/index.php?rest_route=%2Fwp%2Fv2%2Fproduct_tag&post=2492"},{"taxonomy":"giftcard-category","embeddable":true,"href":"https:\/\/r5s.es\/index.php?rest_route=%2Fwp%2Fv2%2Fgiftcard-category&post=2492"}],"curies":[{"name":"wp","href":"https:\/\/api.w.org\/{rel}","templated":true}]}}