{"id":6135,"date":"2026-05-06T10:41:24","date_gmt":"2026-05-06T08:41:24","guid":{"rendered":"https:\/\/r5s.es\/?post_type=product&#038;p=6135"},"modified":"2026-05-08T14:17:36","modified_gmt":"2026-05-08T12:17:36","slug":"curso-practico-de-pintxos-y-alta-cocina-en-miniatura-el-quinto-sabor","status":"publish","type":"product","link":"https:\/\/r5s.es\/?product=curso-practico-de-pintxos-y-alta-cocina-en-miniatura-el-quinto-sabor","title":{"rendered":"Curso Pr\u00e1ctico de Pintxos y Alta Cocina en Miniatura | El Quinto Sabor"},"content":{"rendered":"<p><strong>Curso de Pintxos: Aprende a crear pintxos de autor como un aut\u00e9ntico profesional<\/strong><\/p>\n<p>\u00bfBuscas el mejor curso de pintxos? Descubre el arte de la \u00abCocina en Miniatura\u00bb en un curso 100% pr\u00e1ctico dise\u00f1ado para amantes de la gastronom\u00eda. En las cocinas del prestigioso restaurante <a href=\"https:\/\/r5s.es\/\">El Quinto Sabor<\/a>, guiados por el chef Antonio Mar\u00eda Ventura, aprender\u00e1s t\u00e9cnicas vanguardistas y emplatados de alta cocina Michelin en este exclusivo curso de pintxos.<\/p>\n<p><strong>\u00bfQu\u00e9 elaboraciones prepararemos en el curso?<\/strong><\/p>\n<p>Durante la jornada del 14 de mayo, trabajaremos con ingredientes de primera calidad para crear un men\u00fa degustaci\u00f3n en formato pintxo:<\/p>\n<ul>\n<li>Ensaladilla de garbanzos con ventresca sobre pan de cristal. (Premiada como mejor ensaladilla Madrile\u00f1a 2024).<\/li>\n<li>Tartar de lubina marinado en c\u00e1scara de naranja y aceite de albahaca con micro brotes de apio de monta\u00f1a.<\/li>\n<li>Parfait de foie con caramelo de chocolate a la sal.<\/li>\n<li>Yema de huevo a baja temperatura con arena de adobo ib\u00e9rico y sus torreznillos de chorizo.<\/li>\n<li>Kokotxa de bacalao al pil pil de hierbas arom\u00e1ticas y aire de lima.<\/li>\n<li>Lollipop de solomillo con Satay de romesco y man\u00ed.<\/li>\n<li>Dulce de menta, queso, uvas y miel de Villaviciosa de Od\u00f3n.<\/li>\n<\/ul>\n<p>&nbsp;<\/p>\n<p style=\"text-align: center;\"><img decoding=\"async\" class=\"alignnone size-large wp-image-6136\" src=\"https:\/\/r5s.es\/wp-content\/uploads\/2026\/05\/IMG_2659-683x1024.png\" alt=\"Cartel del curso de pintxos en Madrid\" width=\"683\" height=\"1024\" srcset=\"https:\/\/r5s.es\/wp-content\/uploads\/2026\/05\/IMG_2659-683x1024.png 683w, https:\/\/r5s.es\/wp-content\/uploads\/2026\/05\/IMG_2659-200x300.png 200w, https:\/\/r5s.es\/wp-content\/uploads\/2026\/05\/IMG_2659-768x1152.png 768w, https:\/\/r5s.es\/wp-content\/uploads\/2026\/05\/IMG_2659-125x187.png 125w, https:\/\/r5s.es\/wp-content\/uploads\/2026\/05\/IMG_2659-600x900.png 600w, https:\/\/r5s.es\/wp-content\/uploads\/2026\/05\/IMG_2659.png 1024w\" sizes=\"(max-width: 683px) 100vw, 683px\" \/><\/p>\n","protected":false},"excerpt":{"rendered":"<p>\u00a1Convi\u00e9rtete en un maestro de la cocina en miniatura!<\/p>\n<p>Aprende los secretos de la alta cocina creando pintxos de autor en una experiencia pr\u00e1ctica e inolvidable de la mano del Chef Antonio Mar\u00eda Ventura (Reconocimiento Michelin 2026).<\/p>\n<p>&#x1f4c5; Fecha: Jueves, 14 de Mayo<\/p>\n<p>&#x1f552; Hora: 17:30 h<\/p>\n<p>&#x1f4cd; Lugar: Restaurante El Quinto Sabor (Villaviciosa de Od\u00f3n)<\/p>\n<p>&#x26a0;&#xfe0f; Plazas estrictamente limitadas. Reserva tu experiencia gastron\u00f3mica en el curso de pintxos\u00a0antes de que se agoten.<\/p>\n","protected":false},"featured_media":6136,"comment_status":"open","ping_status":"closed","template":"","meta":[],"product_brand":[],"product_cat":[140],"product_tag":[],"giftcard-category":[],"class_list":{"0":"post-6135","1":"product","2":"type-product","3":"status-publish","4":"has-post-thumbnail","6":"product_cat-tienda_el_quinto_sabor","8":"first","9":"instock","10":"virtual","11":"purchasable","12":"product-type-simple","13":"prodpage-style2"},"yoast_head":"<!-- This site is optimized with the Yoast SEO plugin v27.5 - https:\/\/yoast.com\/product\/yoast-seo-wordpress\/ -->\n<title>Curso de Pintxos de Alta Cocina | El Quinto Sabor (Madrid)<\/title>\n<meta name=\"description\" content=\"Curso de Pintxos. Aprende como un profesional con el chef Antonio Ventura (Michelin 2026). Jueves 14 de mayo. Plazas muy limitadas. \u00a1Reserva ahora!\" \/>\n<meta name=\"robots\" content=\"index, follow, max-snippet:-1, max-image-preview:large, max-video-preview:-1\" \/>\n<link rel=\"canonical\" href=\"https:\/\/r5s.es\/?product=curso-practico-de-pintxos-y-alta-cocina-en-miniatura-el-quinto-sabor\" \/>\n<meta property=\"og:locale\" content=\"es_ES\" \/>\n<meta property=\"og:type\" content=\"article\" \/>\n<meta property=\"og:title\" content=\"Curso de Pintxos de Alta Cocina | El Quinto Sabor (Madrid)\" \/>\n<meta property=\"og:description\" content=\"Curso de Pintxos. Aprende como un profesional con el chef Antonio Ventura (Michelin 2026). Jueves 14 de mayo. Plazas muy limitadas. \u00a1Reserva ahora!\" \/>\n<meta property=\"og:url\" content=\"https:\/\/r5s.es\/?product=curso-practico-de-pintxos-y-alta-cocina-en-miniatura-el-quinto-sabor\" \/>\n<meta property=\"og:site_name\" content=\"Restaurante El Quinto Sabor\" \/>\n<meta property=\"article:publisher\" content=\"https:\/\/www.facebook.com\/restaurantequintosabor\" \/>\n<meta property=\"article:modified_time\" content=\"2026-05-08T12:17:36+00:00\" \/>\n<meta property=\"og:image\" content=\"https:\/\/r5s.es\/wp-content\/uploads\/2026\/05\/IMG_2659.png\" \/>\n\t<meta property=\"og:image:width\" content=\"1024\" \/>\n\t<meta property=\"og:image:height\" content=\"1536\" \/>\n\t<meta property=\"og:image:type\" content=\"image\/png\" \/>\n<meta name=\"twitter:card\" content=\"summary_large_image\" \/>\n<meta name=\"twitter:site\" content=\"@elquintosabor17\" \/>\n<meta name=\"twitter:label1\" content=\"Tiempo de lectura\" \/>\n\t<meta name=\"twitter:data1\" content=\"2 minutos\" \/>\n<script type=\"application\/ld+json\" class=\"yoast-schema-graph\">{\"@context\":\"https:\\\/\\\/schema.org\",\"@graph\":[{\"@type\":\"WebPage\",\"@id\":\"https:\\\/\\\/r5s.es\\\/?product=curso-practico-de-pintxos-y-alta-cocina-en-miniatura-el-quinto-sabor\",\"url\":\"https:\\\/\\\/r5s.es\\\/?product=curso-practico-de-pintxos-y-alta-cocina-en-miniatura-el-quinto-sabor\",\"name\":\"Curso de Pintxos de Alta Cocina | El Quinto Sabor (Madrid)\",\"isPartOf\":{\"@id\":\"https:\\\/\\\/r5s.es\\\/#website\"},\"primaryImageOfPage\":{\"@id\":\"https:\\\/\\\/r5s.es\\\/?product=curso-practico-de-pintxos-y-alta-cocina-en-miniatura-el-quinto-sabor#primaryimage\"},\"image\":{\"@id\":\"https:\\\/\\\/r5s.es\\\/?product=curso-practico-de-pintxos-y-alta-cocina-en-miniatura-el-quinto-sabor#primaryimage\"},\"thumbnailUrl\":\"https:\\\/\\\/r5s.es\\\/wp-content\\\/uploads\\\/2026\\\/05\\\/IMG_2659.png\",\"datePublished\":\"2026-05-06T08:41:24+00:00\",\"dateModified\":\"2026-05-08T12:17:36+00:00\",\"description\":\"Curso de Pintxos. Aprende como un profesional con el chef Antonio Ventura (Michelin 2026). Jueves 14 de mayo. Plazas muy limitadas. \u00a1Reserva ahora!\",\"breadcrumb\":{\"@id\":\"https:\\\/\\\/r5s.es\\\/?product=curso-practico-de-pintxos-y-alta-cocina-en-miniatura-el-quinto-sabor#breadcrumb\"},\"inLanguage\":\"es\",\"potentialAction\":[{\"@type\":\"ReadAction\",\"target\":[\"https:\\\/\\\/r5s.es\\\/?product=curso-practico-de-pintxos-y-alta-cocina-en-miniatura-el-quinto-sabor\"]}]},{\"@type\":\"ImageObject\",\"inLanguage\":\"es\",\"@id\":\"https:\\\/\\\/r5s.es\\\/?product=curso-practico-de-pintxos-y-alta-cocina-en-miniatura-el-quinto-sabor#primaryimage\",\"url\":\"https:\\\/\\\/r5s.es\\\/wp-content\\\/uploads\\\/2026\\\/05\\\/IMG_2659.png\",\"contentUrl\":\"https:\\\/\\\/r5s.es\\\/wp-content\\\/uploads\\\/2026\\\/05\\\/IMG_2659.png\",\"width\":1024,\"height\":1536,\"caption\":\"Cartel del curso de pintxos en Madrid\"},{\"@type\":\"BreadcrumbList\",\"@id\":\"https:\\\/\\\/r5s.es\\\/?product=curso-practico-de-pintxos-y-alta-cocina-en-miniatura-el-quinto-sabor#breadcrumb\",\"itemListElement\":[{\"@type\":\"ListItem\",\"position\":1,\"name\":\"Portada\",\"item\":\"https:\\\/\\\/r5s.es\\\/\"},{\"@type\":\"ListItem\",\"position\":2,\"name\":\"Tienda\",\"item\":\"https:\\\/\\\/r5s.es\\\/?page_id=1556\"},{\"@type\":\"ListItem\",\"position\":3,\"name\":\"Curso Pr\u00e1ctico de Pintxos y Alta Cocina en Miniatura | El Quinto Sabor\"}]},{\"@type\":\"WebSite\",\"@id\":\"https:\\\/\\\/r5s.es\\\/#website\",\"url\":\"https:\\\/\\\/r5s.es\\\/\",\"name\":\"Restaurante El Quinto Sabor\",\"description\":\"Restaurante de Alta Cocina\",\"publisher\":{\"@id\":\"https:\\\/\\\/r5s.es\\\/#organization\"},\"potentialAction\":[{\"@type\":\"SearchAction\",\"target\":{\"@type\":\"EntryPoint\",\"urlTemplate\":\"https:\\\/\\\/r5s.es\\\/?s={search_term_string}\"},\"query-input\":{\"@type\":\"PropertyValueSpecification\",\"valueRequired\":true,\"valueName\":\"search_term_string\"}}],\"inLanguage\":\"es\"},{\"@type\":\"Organization\",\"@id\":\"https:\\\/\\\/r5s.es\\\/#organization\",\"name\":\"Restaurante El Quinto Sabor\",\"url\":\"https:\\\/\\\/r5s.es\\\/\",\"logo\":{\"@type\":\"ImageObject\",\"inLanguage\":\"es\",\"@id\":\"https:\\\/\\\/r5s.es\\\/#\\\/schema\\\/logo\\\/image\\\/\",\"url\":\"https:\\\/\\\/r5s.es\\\/wp-content\\\/uploads\\\/2017\\\/03\\\/logofinalapaisado2.png\",\"contentUrl\":\"https:\\\/\\\/r5s.es\\\/wp-content\\\/uploads\\\/2017\\\/03\\\/logofinalapaisado2.png\",\"width\":425,\"height\":113,\"caption\":\"Restaurante El Quinto Sabor\"},\"image\":{\"@id\":\"https:\\\/\\\/r5s.es\\\/#\\\/schema\\\/logo\\\/image\\\/\"},\"sameAs\":[\"https:\\\/\\\/www.facebook.com\\\/restaurantequintosabor\",\"https:\\\/\\\/x.com\\\/elquintosabor17\",\"https:\\\/\\\/www.instagram.com\\\/restaurante_elquintosabor\\\/\"]}]}<\/script>\n<!-- \/ Yoast SEO plugin. -->","yoast_head_json":{"title":"Curso de Pintxos de Alta Cocina | El Quinto Sabor (Madrid)","description":"Curso de Pintxos. Aprende como un profesional con el chef Antonio Ventura (Michelin 2026). Jueves 14 de mayo. Plazas muy limitadas. \u00a1Reserva ahora!","robots":{"index":"index","follow":"follow","max-snippet":"max-snippet:-1","max-image-preview":"max-image-preview:large","max-video-preview":"max-video-preview:-1"},"canonical":"https:\/\/r5s.es\/?product=curso-practico-de-pintxos-y-alta-cocina-en-miniatura-el-quinto-sabor","og_locale":"es_ES","og_type":"article","og_title":"Curso de Pintxos de Alta Cocina | El Quinto Sabor (Madrid)","og_description":"Curso de Pintxos. Aprende como un profesional con el chef Antonio Ventura (Michelin 2026). Jueves 14 de mayo. Plazas muy limitadas. \u00a1Reserva ahora!","og_url":"https:\/\/r5s.es\/?product=curso-practico-de-pintxos-y-alta-cocina-en-miniatura-el-quinto-sabor","og_site_name":"Restaurante El Quinto Sabor","article_publisher":"https:\/\/www.facebook.com\/restaurantequintosabor","article_modified_time":"2026-05-08T12:17:36+00:00","og_image":[{"width":1024,"height":1536,"url":"https:\/\/r5s.es\/wp-content\/uploads\/2026\/05\/IMG_2659.png","type":"image\/png"}],"twitter_card":"summary_large_image","twitter_site":"@elquintosabor17","twitter_misc":{"Tiempo de lectura":"2 minutos"},"schema":{"@context":"https:\/\/schema.org","@graph":[{"@type":"WebPage","@id":"https:\/\/r5s.es\/?product=curso-practico-de-pintxos-y-alta-cocina-en-miniatura-el-quinto-sabor","url":"https:\/\/r5s.es\/?product=curso-practico-de-pintxos-y-alta-cocina-en-miniatura-el-quinto-sabor","name":"Curso de Pintxos de Alta Cocina | El Quinto Sabor (Madrid)","isPartOf":{"@id":"https:\/\/r5s.es\/#website"},"primaryImageOfPage":{"@id":"https:\/\/r5s.es\/?product=curso-practico-de-pintxos-y-alta-cocina-en-miniatura-el-quinto-sabor#primaryimage"},"image":{"@id":"https:\/\/r5s.es\/?product=curso-practico-de-pintxos-y-alta-cocina-en-miniatura-el-quinto-sabor#primaryimage"},"thumbnailUrl":"https:\/\/r5s.es\/wp-content\/uploads\/2026\/05\/IMG_2659.png","datePublished":"2026-05-06T08:41:24+00:00","dateModified":"2026-05-08T12:17:36+00:00","description":"Curso de Pintxos. Aprende como un profesional con el chef Antonio Ventura (Michelin 2026). Jueves 14 de mayo. Plazas muy limitadas. \u00a1Reserva ahora!","breadcrumb":{"@id":"https:\/\/r5s.es\/?product=curso-practico-de-pintxos-y-alta-cocina-en-miniatura-el-quinto-sabor#breadcrumb"},"inLanguage":"es","potentialAction":[{"@type":"ReadAction","target":["https:\/\/r5s.es\/?product=curso-practico-de-pintxos-y-alta-cocina-en-miniatura-el-quinto-sabor"]}]},{"@type":"ImageObject","inLanguage":"es","@id":"https:\/\/r5s.es\/?product=curso-practico-de-pintxos-y-alta-cocina-en-miniatura-el-quinto-sabor#primaryimage","url":"https:\/\/r5s.es\/wp-content\/uploads\/2026\/05\/IMG_2659.png","contentUrl":"https:\/\/r5s.es\/wp-content\/uploads\/2026\/05\/IMG_2659.png","width":1024,"height":1536,"caption":"Cartel del curso de pintxos en Madrid"},{"@type":"BreadcrumbList","@id":"https:\/\/r5s.es\/?product=curso-practico-de-pintxos-y-alta-cocina-en-miniatura-el-quinto-sabor#breadcrumb","itemListElement":[{"@type":"ListItem","position":1,"name":"Portada","item":"https:\/\/r5s.es\/"},{"@type":"ListItem","position":2,"name":"Tienda","item":"https:\/\/r5s.es\/?page_id=1556"},{"@type":"ListItem","position":3,"name":"Curso Pr\u00e1ctico de Pintxos y Alta Cocina en Miniatura | El Quinto Sabor"}]},{"@type":"WebSite","@id":"https:\/\/r5s.es\/#website","url":"https:\/\/r5s.es\/","name":"Restaurante El Quinto Sabor","description":"Restaurante de Alta Cocina","publisher":{"@id":"https:\/\/r5s.es\/#organization"},"potentialAction":[{"@type":"SearchAction","target":{"@type":"EntryPoint","urlTemplate":"https:\/\/r5s.es\/?s={search_term_string}"},"query-input":{"@type":"PropertyValueSpecification","valueRequired":true,"valueName":"search_term_string"}}],"inLanguage":"es"},{"@type":"Organization","@id":"https:\/\/r5s.es\/#organization","name":"Restaurante El Quinto Sabor","url":"https:\/\/r5s.es\/","logo":{"@type":"ImageObject","inLanguage":"es","@id":"https:\/\/r5s.es\/#\/schema\/logo\/image\/","url":"https:\/\/r5s.es\/wp-content\/uploads\/2017\/03\/logofinalapaisado2.png","contentUrl":"https:\/\/r5s.es\/wp-content\/uploads\/2017\/03\/logofinalapaisado2.png","width":425,"height":113,"caption":"Restaurante El Quinto Sabor"},"image":{"@id":"https:\/\/r5s.es\/#\/schema\/logo\/image\/"},"sameAs":["https:\/\/www.facebook.com\/restaurantequintosabor","https:\/\/x.com\/elquintosabor17","https:\/\/www.instagram.com\/restaurante_elquintosabor\/"]}]}},"_links":{"self":[{"href":"https:\/\/r5s.es\/index.php?rest_route=\/wp\/v2\/product\/6135","targetHints":{"allow":["GET"]}}],"collection":[{"href":"https:\/\/r5s.es\/index.php?rest_route=\/wp\/v2\/product"}],"about":[{"href":"https:\/\/r5s.es\/index.php?rest_route=\/wp\/v2\/types\/product"}],"replies":[{"embeddable":true,"href":"https:\/\/r5s.es\/index.php?rest_route=%2Fwp%2Fv2%2Fcomments&post=6135"}],"wp:featuredmedia":[{"embeddable":true,"href":"https:\/\/r5s.es\/index.php?rest_route=\/wp\/v2\/media\/6136"}],"wp:attachment":[{"href":"https:\/\/r5s.es\/index.php?rest_route=%2Fwp%2Fv2%2Fmedia&parent=6135"}],"wp:term":[{"taxonomy":"product_brand","embeddable":true,"href":"https:\/\/r5s.es\/index.php?rest_route=%2Fwp%2Fv2%2Fproduct_brand&post=6135"},{"taxonomy":"product_cat","embeddable":true,"href":"https:\/\/r5s.es\/index.php?rest_route=%2Fwp%2Fv2%2Fproduct_cat&post=6135"},{"taxonomy":"product_tag","embeddable":true,"href":"https:\/\/r5s.es\/index.php?rest_route=%2Fwp%2Fv2%2Fproduct_tag&post=6135"},{"taxonomy":"giftcard-category","embeddable":true,"href":"https:\/\/r5s.es\/index.php?rest_route=%2Fwp%2Fv2%2Fgiftcard-category&post=6135"}],"curies":[{"name":"wp","href":"https:\/\/api.w.org\/{rel}","templated":true}]}}